{"id":4642,"date":"2019-07-11T08:38:43","date_gmt":"2019-07-11T06:38:43","guid":{"rendered":"https:\/\/www.filplast.it\/environnement\/"},"modified":"2019-07-24T16:12:24","modified_gmt":"2019-07-24T14:12:24","slug":"ambiente","status":"publish","type":"page","link":"https:\/\/www.filplast.it\/fr\/ambiente\/","title":{"rendered":"Environnement"},"content":{"rendered":"\t\t<div data-elementor-type=\"wp-post\" data-elementor-id=\"4642\" class=\"elementor elementor-4642 elementor-1505\" data-elementor-settings=\"[]\">\n\t\t\t\t\t\t<div class=\"elementor-inner\">\n\t\t\t\t\t\t\t<div class=\"elementor-section-wrap\">\n\t\t\t\t\t\t\t<section class=\"has_ae_slider elementor-section elementor-top-section elementor-element elementor-element-c5079fb elementor-section-full_width elementor-section-height-default elementor-section-height-default\" data-id=\"c5079fb\" data-element_type=\"section\">\n\t\t\t\t\t\t<div class=\"elementor-container elementor-column-gap-default\">\n\t\t\t\t\t\t\t<div class=\"elementor-row\">\n\t\t\t\t\t<div class=\"has_ae_slider elementor-column elementor-col-100 elementor-top-column elementor-element elementor-element-7d240f6\" data-id=\"7d240f6\" data-element_type=\"column\" data-settings=\"{&quot;background_background&quot;:&quot;classic&quot;}\">\n\t\t\t<div class=\"elementor-column-wrap elementor-element-populated\">\n\t\t\t\t\t<div class=\"elementor-background-overlay\"><\/div>\n\t\t\t\t\t\t\t<div class=\"elementor-widget-wrap\">\n\t\t\t\t\t\t<div class=\"elementor-element elementor-element-906cb9b animated-slow elementor-invisible elementor-widget elementor-widget-heading\" data-id=\"906cb9b\" data-element_type=\"widget\" data-settings=\"{&quot;_animation&quot;:&quot;fadeIn&quot;}\" data-widget_type=\"heading.default\">\n\t\t\t\t<div class=\"elementor-widget-container\">\n\t\t\t<h2 class=\"elementor-heading-title elementor-size-default elementor-heading-title elementor-size-default elementor-align-after-center\">Filplast respecte la nature, diminu\u00e9 les d\u00e9chets, r\u00e9duit son impact environnemental.<\/h2>\t\t<\/div>\n\t\t\t\t<\/div>\n\t\t\t\t<div class=\"elementor-element elementor-element-1d48d0e elementor-widget-divider--view-line elementor-widget elementor-widget-divider\" data-id=\"1d48d0e\" data-element_type=\"widget\" data-widget_type=\"divider.default\">\n\t\t\t\t<div class=\"elementor-widget-container\">\n\t\t\t\t\t<div class=\"elementor-divider\">\n\t\t\t<span class=\"elementor-divider-separator\">\n\t\t\t\t\t\t<\/span>\n\t\t<\/div>\n\t\t\t\t<\/div>\n\t\t\t\t<\/div>\n\t\t\t\t<div class=\"elementor-element elementor-element-0fb359a elementor-widget elementor-widget-text-editor\" data-id=\"0fb359a\" data-element_type=\"widget\" data-widget_type=\"text-editor.default\">\n\t\t\t\t<div class=\"elementor-widget-container\">\n\t\t\t\t\t\t\t\t<div class=\"elementor-text-editor elementor-clearfix\">\n\t\t\t\t\t<p>Sauvegarder du monde o\u00f9 nous vivons concerne notre vie et celle-ci des g\u00e9n\u00e9rations futures.<\/p>\n<p>C\u2019est pour \u00e7a que <b>Filplast se engage \u00e0 optimiser les ressources pour son produits sur l\u2019environnement<\/b><\/p>\n\t\t\t\t\t<\/div>\n\t\t\t\t\t\t<\/div>\n\t\t\t\t<\/div>\n\t\t\t\t\t\t<\/div>\n\t\t\t\t\t<\/div>\n\t\t<\/div>\n\t\t\t\t\t\t\t\t<\/div>\n\t\t\t\t\t<\/div>\n\t\t<\/section>\n\t\t\t\t<section class=\"has_ae_slider man_fixed elementor-section elementor-top-section elementor-element elementor-element-a9a07f5 elementor-section-boxed elementor-section-height-default elementor-section-height-default\" data-stellar-background-ratio=\"0.2\" data-id=\"a9a07f5\" data-element_type=\"section\" data-settings=\"{&quot;background_background&quot;:&quot;classic&quot;}\">\n\t\t\t\t\t\t<div class=\"elementor-container elementor-column-gap-extended\">\n\t\t\t\t\t\t\t<div class=\"elementor-row\">\n\t\t\t\t\t<div class=\"has_ae_slider elementor-column elementor-col-33 elementor-top-column elementor-element elementor-element-8197e4e\" data-id=\"8197e4e\" data-element_type=\"column\">\n\t\t\t<div class=\"elementor-column-wrap elementor-element-populated\">\n\t\t\t\t\t\t\t<div class=\"elementor-widget-wrap\">\n\t\t\t\t\t\t<div class=\"elementor-element elementor-element-3bab09e elementor-widget elementor-widget-text-editor\" data-id=\"3bab09e\" data-element_type=\"widget\" data-widget_type=\"text-editor.default\">\n\t\t\t\t<div class=\"elementor-widget-container\">\n\t\t\t\t\t\t\t\t<div class=\"elementor-text-editor elementor-clearfix\">\n\t\t\t\t\t<h1 style=\"text-align: center;\">\u00c9mission poudres fines<\/h1>\n<h3><span style=\"color: #ffffff;\">Plus de <span style=\"text-decoration: underline;\"><strong>25 fois inf\u00e9rieur<\/strong><\/span> au limite autoris\u00e9e.<\/span><\/h3>\n\t\t\t\t\t<\/div>\n\t\t\t\t\t\t<\/div>\n\t\t\t\t<\/div>\n\t\t\t\t\t\t<\/div>\n\t\t\t\t\t<\/div>\n\t\t<\/div>\n\t\t\t\t<div class=\"has_ae_slider elementor-column elementor-col-33 elementor-top-column elementor-element elementor-element-6758c77\" data-id=\"6758c77\" data-element_type=\"column\">\n\t\t\t<div class=\"elementor-column-wrap elementor-element-populated\">\n\t\t\t\t\t\t\t<div class=\"elementor-widget-wrap\">\n\t\t\t\t\t\t<div class=\"elementor-element elementor-element-d9a1a2a elementor-widget elementor-widget-text-editor\" data-id=\"d9a1a2a\" data-element_type=\"widget\" data-widget_type=\"text-editor.default\">\n\t\t\t\t<div class=\"elementor-widget-container\">\n\t\t\t\t\t\t\t\t<div class=\"elementor-text-editor elementor-clearfix\">\n\t\t\t\t\t<h1 style=\"text-align: center;\">Aucune d\u00e9chet d\u2019eau<\/h1>\n<h3><span style=\"color: #ffffff;\">Nous ne utilisons pas d\u2019eau en phase de production ou confectionnement.<\/span><\/h3>\n\t\t\t\t\t<\/div>\n\t\t\t\t\t\t<\/div>\n\t\t\t\t<\/div>\n\t\t\t\t\t\t<\/div>\n\t\t\t\t\t<\/div>\n\t\t<\/div>\n\t\t\t\t<div class=\"has_ae_slider elementor-column elementor-col-33 elementor-top-column elementor-element elementor-element-6620750\" data-id=\"6620750\" data-element_type=\"column\">\n\t\t\t<div class=\"elementor-column-wrap elementor-element-populated\">\n\t\t\t\t\t\t\t<div class=\"elementor-widget-wrap\">\n\t\t\t\t\t\t<div class=\"elementor-element elementor-element-a032854 elementor-widget elementor-widget-text-editor\" data-id=\"a032854\" data-element_type=\"widget\" data-widget_type=\"text-editor.default\">\n\t\t\t\t<div class=\"elementor-widget-container\">\n\t\t\t\t\t\t\t\t<div class=\"elementor-text-editor elementor-clearfix\">\n\t\t\t\t\t<h1 style=\"text-align: center;\">Produits Recyclables au 95%<\/h1>\n<h3><span style=\"color: #ffffff;\">Nos produits compris de son packaging sont recyclable au 95%<\/span><\/h3>\n\t\t\t\t\t<\/div>\n\t\t\t\t\t\t<\/div>\n\t\t\t\t<\/div>\n\t\t\t\t\t\t<\/div>\n\t\t\t\t\t<\/div>\n\t\t<\/div>\n\t\t\t\t\t\t\t\t<\/div>\n\t\t\t\t\t<\/div>\n\t\t<\/section>\n\t\t\t\t<section class=\"has_ae_slider elementor-section elementor-top-section elementor-element elementor-element-9dc7408 elementor-section-boxed elementor-section-height-default elementor-section-height-default\" data-id=\"9dc7408\" data-element_type=\"section\">\n\t\t\t\t\t\t<div class=\"elementor-container elementor-column-gap-default\">\n\t\t\t\t\t\t\t<div class=\"elementor-row\">\n\t\t\t\t\t<div class=\"has_ae_slider elementor-column elementor-col-100 elementor-top-column elementor-element elementor-element-597b425\" data-id=\"597b425\" data-element_type=\"column\">\n\t\t\t<div class=\"elementor-column-wrap elementor-element-populated\">\n\t\t\t\t\t\t\t<div class=\"elementor-widget-wrap\">\n\t\t\t\t\t\t<div class=\"elementor-element elementor-element-f79bc85 elementor-widget elementor-widget-heading\" data-id=\"f79bc85\" data-element_type=\"widget\" data-widget_type=\"heading.default\">\n\t\t\t\t<div class=\"elementor-widget-container\">\n\t\t\t<h2 class=\"elementor-heading-title elementor-size-default elementor-heading-title elementor-size-default elementor-align-after-center\">Aider-nous \u00e0 r\u00e9duire les d\u00e9chets avec une diff\u00e9renciation correcte!<\/h2>\t\t<\/div>\n\t\t\t\t<\/div>\n\t\t\t\t\t\t<\/div>\n\t\t\t\t\t<\/div>\n\t\t<\/div>\n\t\t\t\t\t\t\t\t<\/div>\n\t\t\t\t\t<\/div>\n\t\t<\/section>\n\t\t\t\t<section class=\"has_ae_slider elementor-section elementor-top-section elementor-element elementor-element-29d0e77 elementor-section-boxed elementor-section-height-default elementor-section-height-default\" data-id=\"29d0e77\" data-element_type=\"section\" data-settings=\"{&quot;background_background&quot;:&quot;classic&quot;}\">\n\t\t\t\t\t\t\t<div class=\"elementor-background-overlay\"><\/div>\n\t\t\t\t\t\t\t<div class=\"elementor-container elementor-column-gap-default\">\n\t\t\t\t\t\t\t<div class=\"elementor-row\">\n\t\t\t\t\t<div class=\"has_ae_slider elementor-column elementor-col-50 elementor-top-column elementor-element elementor-element-b8b488a\" data-id=\"b8b488a\" data-element_type=\"column\">\n\t\t\t<div class=\"elementor-column-wrap elementor-element-populated\">\n\t\t\t\t\t\t\t<div class=\"elementor-widget-wrap\">\n\t\t\t\t\t\t<div class=\"elementor-element elementor-element-465ee70 elementor-widget elementor-widget-text-editor\" data-id=\"465ee70\" data-element_type=\"widget\" data-widget_type=\"text-editor.default\">\n\t\t\t\t<div class=\"elementor-widget-container\">\n\t\t\t\t\t\t\t\t<div class=\"elementor-text-editor elementor-clearfix\">\n\t\t\t\t\t<p>Vous pouvez jeter la structure m\u00e9tallique des nos accessoires chez votre maison, directement dans la normal collecte s\u00e9par\u00e9e des d\u00e9chets pr\u00e9vue pour les m\u00e9taux. La finition superficielle sera \u00e9limin\u00e9 et le m\u00e9tal recycl\u00e9. Notre mati\u00e8res premi\u00e8res m\u00e9talliques sont recyclable pour l\u201985% pour l\u2019aluminium et pour le 72% pour le fil d\u2019acier.<\/p>\n\t\t\t\t\t<\/div>\n\t\t\t\t\t\t<\/div>\n\t\t\t\t<\/div>\n\t\t\t\t<div class=\"elementor-element elementor-element-e823202 elementor-widget elementor-widget-text-editor\" data-id=\"e823202\" data-element_type=\"widget\" data-widget_type=\"text-editor.default\">\n\t\t\t\t<div class=\"elementor-widget-container\">\n\t\t\t\t\t\t\t\t<div class=\"elementor-text-editor elementor-clearfix\">\n\t\t\t\t\t<p>Les accessoires en plastiques et les film de protection de notre S\u00e9choirs sont 100% recyclables dans la normal collecte de plastique.<\/p>\n\t\t\t\t\t<\/div>\n\t\t\t\t\t\t<\/div>\n\t\t\t\t<\/div>\n\t\t\t\t<div class=\"elementor-element elementor-element-46f1f5d elementor-widget elementor-widget-text-editor\" data-id=\"46f1f5d\" data-element_type=\"widget\" data-widget_type=\"text-editor.default\">\n\t\t\t\t<div class=\"elementor-widget-container\">\n\t\t\t\t\t\t\t\t<div class=\"elementor-text-editor elementor-clearfix\">\n\t\t\t\t\t<p>Le papier et l\u2019emballage en carton doivent \u00eatre \u00e9limin\u00e9es dans son r\u00e9cipient.<\/p>\n<p>Nos emballages sont fait enti\u00e8rement et exclusivement par papier d\u00e9j\u00e0 recycl\u00e9e.<\/p>\n\t\t\t\t\t<\/div>\n\t\t\t\t\t\t<\/div>\n\t\t\t\t<\/div>\n\t\t\t\t\t\t<\/div>\n\t\t\t\t\t<\/div>\n\t\t<\/div>\n\t\t\t\t<div class=\"has_ae_slider elementor-column elementor-col-50 elementor-top-column elementor-element elementor-element-2c1fbf8\" data-id=\"2c1fbf8\" data-element_type=\"column\">\n\t\t\t<div class=\"elementor-column-wrap elementor-element-populated\">\n\t\t\t\t\t\t\t<div class=\"elementor-widget-wrap\">\n\t\t\t\t\t\t<div class=\"elementor-element elementor-element-4d8984c animated-slow elementor-invisible elementor-widget elementor-widget-image\" data-id=\"4d8984c\" data-element_type=\"widget\" data-settings=\"{&quot;_animation&quot;:&quot;fadeInRight&quot;,&quot;_animation_delay&quot;:0}\" data-widget_type=\"image.default\">\n\t\t\t\t<div class=\"elementor-widget-container\">\n\t\t\t\t\t\t\t\t<div class=\"elementor-image\">\n\t\t\t\t\t\t\t\t\t\t\t\t<img decoding=\"async\" src=\"https:\/\/www.filplast.it\/wp-content\/uploads\/2019\/06\/diff_metallo-e1588230723920.png\" title=\"diff_metallo\" alt=\"diff_metallo\" \/>\t\t\t\t\t\t\t\t\t\t\t\t\t\t<\/div>\n\t\t\t\t\t\t<\/div>\n\t\t\t\t<\/div>\n\t\t\t\t<div class=\"elementor-element elementor-element-301399e animated-slow elementor-invisible elementor-widget elementor-widget-image\" data-id=\"301399e\" data-element_type=\"widget\" data-settings=\"{&quot;_animation&quot;:&quot;fadeInRight&quot;,&quot;_animation_delay&quot;:100}\" data-widget_type=\"image.default\">\n\t\t\t\t<div class=\"elementor-widget-container\">\n\t\t\t\t\t\t\t\t<div class=\"elementor-image\">\n\t\t\t\t\t\t\t\t\t\t\t\t<img loading=\"lazy\" decoding=\"async\" width=\"940\" height=\"344\" src=\"https:\/\/www.filplast.it\/wp-content\/uploads\/2019\/06\/diff_plast-1024x375.png\" class=\"attachment-large size-large\" alt=\"\" srcset=\"https:\/\/www.filplast.it\/wp-content\/uploads\/2019\/06\/diff_plast-1024x375.png 1024w, https:\/\/www.filplast.it\/wp-content\/uploads\/2019\/06\/diff_plast-300x110.png 300w, https:\/\/www.filplast.it\/wp-content\/uploads\/2019\/06\/diff_plast-768x281.png 768w, https:\/\/www.filplast.it\/wp-content\/uploads\/2019\/06\/diff_plast-285x104.png 285w, https:\/\/www.filplast.it\/wp-content\/uploads\/2019\/06\/diff_plast-1600x586.png 1600w, https:\/\/www.filplast.it\/wp-content\/uploads\/2019\/06\/diff_plast-600x220.png 600w, https:\/\/www.filplast.it\/wp-content\/uploads\/2019\/06\/diff_plast-660x242.png 660w, https:\/\/www.filplast.it\/wp-content\/uploads\/2019\/06\/diff_plast-150x55.png 150w, https:\/\/www.filplast.it\/wp-content\/uploads\/2019\/06\/diff_plast-e1588230714587.png 1080w\" sizes=\"(max-width: 940px) 100vw, 940px\" \/>\t\t\t\t\t\t\t\t\t\t\t\t\t\t<\/div>\n\t\t\t\t\t\t<\/div>\n\t\t\t\t<\/div>\n\t\t\t\t<div class=\"elementor-element elementor-element-cd621b6 animated-slow elementor-invisible elementor-widget elementor-widget-image\" data-id=\"cd621b6\" data-element_type=\"widget\" data-settings=\"{&quot;_animation&quot;:&quot;fadeInRight&quot;,&quot;_animation_delay&quot;:200}\" data-widget_type=\"image.default\">\n\t\t\t\t<div class=\"elementor-widget-container\">\n\t\t\t\t\t\t\t\t<div class=\"elementor-image\">\n\t\t\t\t\t\t\t\t\t\t\t\t<img loading=\"lazy\" decoding=\"async\" width=\"940\" height=\"371\" src=\"https:\/\/www.filplast.it\/wp-content\/uploads\/2019\/06\/diff_carta-1024x404.png\" class=\"attachment-large size-large\" alt=\"\" srcset=\"https:\/\/www.filplast.it\/wp-content\/uploads\/2019\/06\/diff_carta-1024x404.png 1024w, https:\/\/www.filplast.it\/wp-content\/uploads\/2019\/06\/diff_carta-300x118.png 300w, https:\/\/www.filplast.it\/wp-content\/uploads\/2019\/06\/diff_carta-768x303.png 768w, https:\/\/www.filplast.it\/wp-content\/uploads\/2019\/06\/diff_carta-285x112.png 285w, https:\/\/www.filplast.it\/wp-content\/uploads\/2019\/06\/diff_carta-1600x631.png 1600w, https:\/\/www.filplast.it\/wp-content\/uploads\/2019\/06\/diff_carta-600x237.png 600w, https:\/\/www.filplast.it\/wp-content\/uploads\/2019\/06\/diff_carta-660x260.png 660w, https:\/\/www.filplast.it\/wp-content\/uploads\/2019\/06\/diff_carta-150x59.png 150w, https:\/\/www.filplast.it\/wp-content\/uploads\/2019\/06\/diff_carta-e1588230705544.png 1080w\" sizes=\"(max-width: 940px) 100vw, 940px\" \/>\t\t\t\t\t\t\t\t\t\t\t\t\t\t<\/div>\n\t\t\t\t\t\t<\/div>\n\t\t\t\t<\/div>\n\t\t\t\t\t\t<\/div>\n\t\t\t\t\t<\/div>\n\t\t<\/div>\n\t\t\t\t\t\t\t\t<\/div>\n\t\t\t\t\t<\/div>\n\t\t<\/section>\n\t\t\t\t\t\t<\/div>\n\t\t\t\t\t\t<\/div>\n\t\t\t\t\t<\/div>\n\t\t","protected":false},"excerpt":{"rendered":"<p>Filplast respecte la nature, diminu\u00e9 les d\u00e9chets, r\u00e9duit son impact environnemental. Sauvegarder du monde o\u00f9 nous vivons concerne&#8230;<\/p>\n","protected":false},"author":1,"featured_media":4148,"parent":0,"menu_order":0,"comment_status":"closed","ping_status":"closed","template":"elementor_header_footer","meta":{"spay_email":"","footnotes":""},"class_list":["post-4642","page","type-page","status-publish","has-post-thumbnail","hentry"],"_links":{"self":[{"href":"https:\/\/www.filplast.it\/fr\/wp-json\/wp\/v2\/pages\/4642"}],"collection":[{"href":"https:\/\/www.filplast.it\/fr\/wp-json\/wp\/v2\/pages"}],"about":[{"href":"https:\/\/www.filplast.it\/fr\/wp-json\/wp\/v2\/types\/page"}],"author":[{"embeddable":true,"href":"https:\/\/www.filplast.it\/fr\/wp-json\/wp\/v2\/users\/1"}],"replies":[{"embeddable":true,"href":"https:\/\/www.filplast.it\/fr\/wp-json\/wp\/v2\/comments?post=4642"}],"version-history":[{"count":2,"href":"https:\/\/www.filplast.it\/fr\/wp-json\/wp\/v2\/pages\/4642\/revisions"}],"predecessor-version":[{"id":4927,"href":"https:\/\/www.filplast.it\/fr\/wp-json\/wp\/v2\/pages\/4642\/revisions\/4927"}],"wp:featuredmedia":[{"embeddable":true,"href":"https:\/\/www.filplast.it\/fr\/wp-json\/wp\/v2\/media\/4148"}],"wp:attachment":[{"href":"https:\/\/www.filplast.it\/fr\/wp-json\/wp\/v2\/media?parent=4642"}],"curies":[{"name":"wp","href":"https:\/\/api.w.org\/{rel}","templated":true}]}}