{"id":5575,"date":"2021-09-16T15:16:39","date_gmt":"2021-09-16T13:16:39","guid":{"rendered":"https:\/\/www.filplast.it\/?post_type=product&#038;p=5575"},"modified":"2021-09-16T16:48:11","modified_gmt":"2021-09-16T14:48:11","slug":"flp-160-4-s-magnolia-4-recycle-75","status":"publish","type":"product","link":"https:\/\/www.filplast.it\/fr\/product\/flp-160-4-s-magnolia-4-recycle-75\/","title":{"rendered":"FLP 170 4 12 S \u2013  Recycl\u00e9 > 75%"},"content":{"rendered":"","protected":false},"excerpt":{"rendered":"<p>Sechoir \u00e0 linge tour 50m etendage en acier recicl\u00e9<\/p>\n<p>au moins 75% d&#8217;acier recicl\u00e9 en poids<\/p>\n","protected":false},"featured_media":5602,"template":"","meta":{"spay_email":""},"class_list":["post-5575","product","type-product","status-publish","has-post-thumbnail","hentry","product_cat-sechoirs-fabriques-avec-des-materiaux-recycles"],"_links":{"self":[{"href":"https:\/\/www.filplast.it\/fr\/wp-json\/wp\/v2\/product\/5575"}],"collection":[{"href":"https:\/\/www.filplast.it\/fr\/wp-json\/wp\/v2\/product"}],"about":[{"href":"https:\/\/www.filplast.it\/fr\/wp-json\/wp\/v2\/types\/product"}],"wp:featuredmedia":[{"embeddable":true,"href":"https:\/\/www.filplast.it\/fr\/wp-json\/wp\/v2\/media\/5602"}],"wp:attachment":[{"href":"https:\/\/www.filplast.it\/fr\/wp-json\/wp\/v2\/media?parent=5575"}],"curies":[{"name":"wp","href":"https:\/\/api.w.org\/{rel}","templated":true}]}}