{"id":5576,"date":"2021-09-16T15:35:52","date_gmt":"2021-09-16T13:35:52","guid":{"rendered":"https:\/\/www.filplast.it\/?post_type=product&#038;p=5576"},"modified":"2021-09-16T17:28:26","modified_gmt":"2021-09-16T15:28:26","slug":"flp-160-4-s-magnolia-4-recycle-70","status":"publish","type":"product","link":"https:\/\/www.filplast.it\/fr\/product\/flp-160-4-s-magnolia-4-recycle-70\/","title":{"rendered":"FLP 160 4E 14 \u2013 Anthea 4 Recycl\u00e9 > 70%"},"content":{"rendered":"","protected":false},"excerpt":{"rendered":"<p>Sechoir \u00e0 linge tour 40m etendage en acier recicl\u00e9<\/p>\n<p>au moins 70% d\u2019acier recicl\u00e9 en poids<\/p>\n","protected":false},"featured_media":5614,"template":"","meta":{"spay_email":""},"class_list":["post-5576","product","type-product","status-publish","has-post-thumbnail","hentry","product_cat-sechoirs-fabriques-avec-des-materiaux-recycles"],"_links":{"self":[{"href":"https:\/\/www.filplast.it\/fr\/wp-json\/wp\/v2\/product\/5576"}],"collection":[{"href":"https:\/\/www.filplast.it\/fr\/wp-json\/wp\/v2\/product"}],"about":[{"href":"https:\/\/www.filplast.it\/fr\/wp-json\/wp\/v2\/types\/product"}],"wp:featuredmedia":[{"embeddable":true,"href":"https:\/\/www.filplast.it\/fr\/wp-json\/wp\/v2\/media\/5614"}],"wp:attachment":[{"href":"https:\/\/www.filplast.it\/fr\/wp-json\/wp\/v2\/media?parent=5576"}],"curies":[{"name":"wp","href":"https:\/\/api.w.org\/{rel}","templated":true}]}}